{"id":5,"date":"2021-08-18T13:23:25","date_gmt":"2021-08-18T13:23:25","guid":{"rendered":"http:\/\/fcalderonmassalud.com.mx\/?page_id=5"},"modified":"2021-08-18T13:23:25","modified_gmt":"2021-08-18T13:23:25","slug":"crea-tu-web-con-bloques","status":"publish","type":"page","link":"http:\/\/fcalderonmassalud.com.mx\/","title":{"rendered":"Crea tu web con bloques"},"content":{"rendered":"\n\t\t\t\t\t\n\t\t\t\t\t<h2 class=\"alignwide has-text-align-wide has-gigantic-font-size\" style=\"line-height:1.1\">Crea tu web con bloques<\/h2>\n\t\t\t\t\t\n\n\t\t\t\t\t\n\t\t\t\t\t<div style=\"height:100px\" aria-hidden=\"true\" class=\"wp-block-spacer\"><\/div>\n\t\t\t\t\t\n\n\t\t\t\t\t\n\t\t\t\t\t<div class=\"wp-block-columns alignwide are-vertically-aligned-center is-style-twentytwentyone-columns-overlap\">\n\t\t\t\t\t<div class=\"wp-block-column is-vertically-aligned-center\">\n\t\t\t\t\t<figure class=\"wp-block-image alignfull size-large\"><img src=\"http:\/\/fcalderonmassalud.com.mx\/wp-content\/themes\/twentytwentyone\/assets\/images\/roses-tremieres-hollyhocks-1884.jpg\" alt=\"&quot;Malvarrosas&quot; por Berthe Morisot\"\/><\/figure>\n\t\t\t\t\t\n\n\t\t\t\t\t\n\t\t\t\t\t<div style=\"height:100px\" aria-hidden=\"true\" class=\"wp-block-spacer\"><\/div>\n\t\t\t\t\t\n\n\t\t\t\t\t\n\t\t\t\t\t<figure class=\"wp-block-image alignfull size-large is-style-twentytwentyone-image-frame\"><img src=\"http:\/\/fcalderonmassalud.com.mx\/wp-content\/themes\/twentytwentyone\/assets\/images\/in-the-bois-de-boulogne.jpg\" alt=\"&quot;En el Bois de Boulogne&quot; de Berthe Morisot\"\/><\/figure>\n\t\t\t\t\t<\/div>\n\t\t\t\t\t\n\n\t\t\t\t\t\n\t\t\t\t\t<div class=\"wp-block-column is-vertically-aligned-center\">\n\t\t\t\t\t<div style=\"height:100px\" aria-hidden=\"true\" class=\"wp-block-spacer\"><\/div>\n\t\t\t\t\t\n\n\t\t\t\t\t\n\t\t\t\t\t<figure class=\"wp-block-image size-large alignfull size-full is-style-twentytwentyone-border\"><img src=\"http:\/\/fcalderonmassalud.com.mx\/wp-content\/themes\/twentytwentyone\/assets\/images\/young-woman-in-mauve.jpg\" alt=\"&quot;Mujer joven en malva&quot; de Berthe Morisot\"\/><\/figure>\n\t\t\t\t\t<\/div>\n\t\t\t\t\t<\/div>\n\t\t\t\t\t\n\n\t\t\t\t\t\n\t\t\t\t\t<div style=\"height:50px\" aria-hidden=\"true\" class=\"wp-block-spacer\"><\/div>\n\t\t\t\t\t\n\n\t\t\t\t\t\n\t\t\t\t\t<div class=\"wp-block-columns alignwide are-vertically-aligned-top\">\n\t\t\t\t\t<div class=\"wp-block-column is-vertically-aligned-top\">\n\t\t\t\t\t<h3>A\u00f1adir patrones de bloques<\/h3>\n\t\t\t\t\t\n\n\t\t\t\t\t\n\t\t\t\t\t<p>Los patrones de bloques son grupos de bloques predise\u00f1ados. Para a\u00f1adir uno, selecciona el bot\u00f3n &quot;A\u00f1adir bloque [+]&quot; en la barra de herramientas de la parte superior del editor. Cambia a la pesta\u00f1a &quot;Patrones&quot; debajo de la barra de b\u00fasqueda y elige un patr\u00f3n.<\/p>\n\t\t\t\t\t<\/div>\n\t\t\t\t\t\n\n\t\t\t\t\t\n\t\t\t\t\t<div class=\"wp-block-column is-vertically-aligned-top\">\n\t\t\t\t\t<h3>Enmarca tus im\u00e1genes<\/h3>\n\t\t\t\t\t\n\n\t\t\t\t\t\n\t\t\t\t\t<p>Twenty Twenty-One incluye bordes elegantes para tu contenido. Al seleccionar un bloque de imagen, abre el panel &quot;Estilos&quot; dentro de la barra lateral del Editor. Selecciona el estilo de bloque &quot;Frame&quot; para activarlo.<\/p>\n\t\t\t\t\t<\/div>\n\t\t\t\t\t\n\n\t\t\t\t\t\n\t\t\t\t\t<div class=\"wp-block-column is-vertically-aligned-top\">\n\t\t\t\t\t<h3>Columnas superpuestas<\/h3>\n\t\t\t\t\t\n\n\t\t\t\t\t\n\t\t\t\t\t<p>Twenty Twenty-One tambi\u00e9n incluye un estilo de superposici\u00f3n para bloques de columnas. Al seleccionar un bloque de columnas, abre el panel &quot;Estilos&quot; de la barra lateral del editor. Elige el estilo de bloque &quot;Superposici\u00f3n&quot; para probarlo.<\/p>\n\t\t\t\t\t<\/div>\n\t\t\t\t\t<\/div>\n\t\t\t\t\t\n\n\t\t\t\t\t\n\t\t\t\t\t<div style=\"height:100px\" aria-hidden=\"true\" class=\"wp-block-spacer\"><\/div>\n\t\t\t\t\t\n\n\t\t\t\t\t\n\t\t\t\t\t<div class=\"wp-block-cover alignwide has-green-background-color has-background-dim is-style-twentytwentyone-border\"><div class=\"wp-block-cover__inner-container\">\n\t\t\t\t\t<div style=\"height:20px\" aria-hidden=\"true\" class=\"wp-block-spacer\"><\/div>\n\t\t\t\t\t\n\n\t\t\t\t\t\n\t\t\t\t\t<p class=\"has-huge-font-size\">\u00bfNecesitas ayuda?<\/p>\n\t\t\t\t\t\n\n\t\t\t\t\t\n\t\t\t\t\t<div style=\"height:75px\" aria-hidden=\"true\" class=\"wp-block-spacer\"><\/div>\n\t\t\t\t\t\n\n\t\t\t\t\t\n\t\t\t\t\t<div class=\"wp-block-columns\">\n\t\t\t\t\t<div class=\"wp-block-column\">\n\t\t\t\t\t<p><a href=\"https:\/\/wordpress.org\/support\/article\/twenty-twenty-one\/\">Lee la documentaci\u00f3n del tema<\/a><\/p>\n\t\t\t\t\t<\/div>\n\t\t\t\t\t\n\n\t\t\t\t\t\n\t\t\t\t\t<div class=\"wp-block-column\">\n\t\t\t\t\t<p><a href=\"https:\/\/wordpress.org\/support\/theme\/twentytwentyone\/\">Echa un vistazo a los foros de soporte<\/a><\/p>\n\t\t\t\t\t<\/div>\n\t\t\t\t\t<\/div>\n\t\t\t\t\t\n\n\t\t\t\t\t\n\t\t\t\t\t<div style=\"height:20px\" aria-hidden=\"true\" class=\"wp-block-spacer\"><\/div>\n\t\t\t\t\t<\/div><\/div>\n\t\t\t\t\t","protected":false},"excerpt":{"rendered":"<p>Crea tu web con bloques A\u00f1adir patrones de bloques Los patrones de bloques son grupos de bloques predise\u00f1ados. Para a\u00f1adir uno, selecciona el bot\u00f3n &quot;A\u00f1adir bloque [+]&quot; en la barra de herramientas de la parte superior del editor. Cambia a la pesta\u00f1a &quot;Patrones&quot; debajo de la barra de b\u00fasqueda y elige un patr\u00f3n. Enmarca tus&hellip; <a class=\"more-link\" href=\"http:\/\/fcalderonmassalud.com.mx\/\">Seguir leyendo <span class=\"screen-reader-text\">Crea tu web con bloques<\/span><\/a><\/p>\n","protected":false},"author":1,"featured_media":0,"parent":0,"menu_order":0,"comment_status":"closed","ping_status":"closed","template":"","meta":[],"_links":{"self":[{"href":"http:\/\/fcalderonmassalud.com.mx\/index.php?rest_route=\/wp\/v2\/pages\/5"}],"collection":[{"href":"http:\/\/fcalderonmassalud.com.mx\/index.php?rest_route=\/wp\/v2\/pages"}],"about":[{"href":"http:\/\/fcalderonmassalud.com.mx\/index.php?rest_route=\/wp\/v2\/types\/page"}],"author":[{"embeddable":true,"href":"http:\/\/fcalderonmassalud.com.mx\/index.php?rest_route=\/wp\/v2\/users\/1"}],"replies":[{"embeddable":true,"href":"http:\/\/fcalderonmassalud.com.mx\/index.php?rest_route=%2Fwp%2Fv2%2Fcomments&post=5"}],"version-history":[{"count":1,"href":"http:\/\/fcalderonmassalud.com.mx\/index.php?rest_route=\/wp\/v2\/pages\/5\/revisions"}],"predecessor-version":[{"id":11,"href":"http:\/\/fcalderonmassalud.com.mx\/index.php?rest_route=\/wp\/v2\/pages\/5\/revisions\/11"}],"wp:attachment":[{"href":"http:\/\/fcalderonmassalud.com.mx\/index.php?rest_route=%2Fwp%2Fv2%2Fmedia&parent=5"}],"curies":[{"name":"wp","href":"https:\/\/api.w.org\/{rel}","templated":true}]}}